{"id":25,"date":"2025-08-13T00:00:00","date_gmt":"2025-08-13T00:00:00","guid":{"rendered":"http:\/\/uffici-tradizionali"},"modified":"2026-03-21T16:50:07","modified_gmt":"2026-03-21T15:50:07","slug":"uffici-tradizionali","status":"publish","type":"page","link":"https:\/\/staging.feziaimmobiliare.com\/index.php\/uffici-tradizionali\/","title":{"rendered":"Noleggio Uffici Roma"},"content":{"rendered":"\n<p>Uffici pronti all&#8217;uso, Noleggio uffici Roma Aurelia, Business Center Roma, Coworking Roma. Rivolto a Imprenditori e professionisti che cercano efficienza, prestigio e zero stress gestionale.<\/p>\n\n\n\n<blockquote class=\"wp-block-quote is-style-default has-subheading-font-size is-layout-flow wp-block-quote-is-layout-flow\">\n<p>Trovare la sede ideale per la tua attivit\u00e0 a Roma pu\u00f2 sembrare una sfida complessa. Forse hai gi\u00e0 vissuto lo stress di gestire utenze, manutenzioni e arredamenti, perdendo tempo prezioso che avresti voluto dedicare alla crescita del tuo business.<\/p>\n<\/blockquote>\n\n\n\n<h2 class=\"wp-block-heading\" id=\"noleggio-uffici-tutto-incluso\">Noleggio Uffici Tutto Incluso<\/h2>\n\n\n\n<p><strong>Immagina ora di entrare in un ambiente dove tutto \u00e8 gi\u00e0 perfetto.<\/strong>&nbsp;Luci ampie, arredi dal design moderno e la sensazione immediata di un\u2019organizzazione impeccabile. In Fezia Group, non offriamo solo metri quadri, ma creiamo l&#8217;ecosistema ideale affinch\u00e9 tu possa concentrarti esclusivamente sui tuoi obiettivi.<\/p>\n\n\n\n<p><\/p>\n\n\n\n<div class=\"wp-block-group is-nowrap is-layout-flex wp-container-core-group-is-layout-6c531013 wp-block-group-is-layout-flex\">\n<div class=\"wp-block-group is-vertical is-layout-flex wp-container-core-group-is-layout-fe9cc265 wp-block-group-is-layout-flex\">\n<div class=\"wp-block-greenshift-blocks-iconbox gspb_iconBox gspb_iconBox-id-gsbp-ca1fef1\" id=\"gspb_iconBox-id-gsbp-ca1fef1\"><div class=\"gspb_iconBox__wrapper\" style=\"display:inline-flex\"><svg xmlns=\"http:\/\/www.w3.org\/2000\/svg\" style=\"width:5rem;height:5rem;margin:10px\" viewBox=\"0 0 576 512\">!Font Awesome Free v7.2.0 by @fontawesome &#8211; https:\/\/fontawesome.com License &#8211; https:\/\/fontawesome.com\/license\/free Copyright 2026 Fonticons, Inc.<path d=\"M96 0C60.7 0 32 28.7 32 64l0 384c0 35.3 28.7 64 64 64l180 0c-10.5-14.6-19-30.7-25.1-48l-74.9 0 0-80c0-17.7 14.3-32 32-32l32 0c2 0 4 .2 5.9 .5 6-23.6 16.3-45.4 30.1-64.5l-4 0c-8.8 0-16-7.2-16-16l0-32c0-8.8 7.2-16 16-16l32 0c8.8 0 16 7.2 16 16l0 4c27.5-19.8 60.3-32.4 96-35.4L416 64c0-35.3-28.7-64-64-64L96 0zm32 112c0-8.8 7.2-16 16-16l32 0c8.8 0 16 7.2 16 16l0 32c0 8.8-7.2 16-16 16l-32 0c-8.8 0-16-7.2-16-16l0-32zM272 96l32 0c8.8 0 16 7.2 16 16l0 32c0 8.8-7.2 16-16 16l-32 0c-8.8 0-16-7.2-16-16l0-32c0-8.8 7.2-16 16-16zM128 240c0-8.8 7.2-16 16-16l32 0c8.8 0 16 7.2 16 16l0 32c0 8.8-7.2 16-16 16l-32 0c-8.8 0-16-7.2-16-16l0-32zM576 400a144 144 0 1 0 -288 0 144 144 0 1 0 288 0zm-86.6-60.9c7.1 5.2 8.7 15.2 3.5 22.3l-64 88c-2.8 3.8-7 6.2-11.7 6.5s-9.3-1.3-12.6-4.6l-40-40c-6.2-6.2-6.2-16.4 0-22.6s16.4-6.2 22.6 0l26.8 26.8 53-72.9c5.2-7.1 15.2-8.7 22.4-3.5z\"><\/path><\/svg><\/div><\/div>\n\n\n\n<p>Superficie di 1.600 metri quadri<\/p>\n<\/div>\n\n\n\n<div class=\"wp-block-group is-vertical is-layout-flex wp-container-core-group-is-layout-fe9cc265 wp-block-group-is-layout-flex\">\n<div class=\"wp-block-greenshift-blocks-iconbox gspb_iconBox gspb_iconBox-id-gsbp-eaa85f3\" id=\"gspb_iconBox-id-gsbp-eaa85f3\"><div class=\"gspb_iconBox__wrapper\" style=\"display:inline-flex\"><svg xmlns=\"http:\/\/www.w3.org\/2000\/svg\" style=\"width:5rem;height:5rem;margin:10px\" viewBox=\"0 0 448 512\">!Font Awesome Free v7.2.0 by @fontawesome &#8211; https:\/\/fontawesome.com License &#8211; https:\/\/fontawesome.com\/license\/free Copyright 2026 Fonticons, Inc.<path d=\"M64 32C28.7 32 0 60.7 0 96L0 416c0 35.3 28.7 64 64 64l320 0c35.3 0 64-28.7 64-64l0-320c0-35.3-28.7-64-64-64L64 32zM192 256l48 0c17.7 0 32-14.3 32-32s-14.3-32-32-32l-48 0 0 64zm48 64l-48 0 0 32c0 17.7-14.3 32-32 32s-32-14.3-32-32l0-184c0-22.1 17.9-40 40-40l72 0c53 0 96 43 96 96s-43 96-96 96z\"><\/path><\/svg><\/div><\/div>\n\n\n\n<p>Parcheggi in sede<\/p>\n<\/div>\n\n\n\n<div class=\"wp-block-group is-vertical is-layout-flex wp-container-core-group-is-layout-fe9cc265 wp-block-group-is-layout-flex\">\n<div class=\"wp-block-greenshift-blocks-iconbox gspb_iconBox gspb_iconBox-id-gsbp-380fc2f\" id=\"gspb_iconBox-id-gsbp-380fc2f\"><div class=\"gspb_iconBox__wrapper\" style=\"display:inline-flex\"><svg xmlns=\"http:\/\/www.w3.org\/2000\/svg\" style=\"width:5rem;height:5rem;margin:10px\" viewBox=\"0 0 512 512\">!Font Awesome Free v7.2.0 by @fontawesome &#8211; https:\/\/fontawesome.com License &#8211; https:\/\/fontawesome.com\/license\/free Copyright 2026 Fonticons, Inc.<path d=\"M512 32C512 140.1 435.4 230.3 333.6 251.4 325.7 193.3 299.6 141 261.1 100.5 301.2 40 369.9 0 448 0l32 0c17.7 0 32 14.3 32 32zM0 96C0 78.3 14.3 64 32 64l32 0c123.7 0 224 100.3 224 224l0 192c0 17.7-14.3 32-32 32s-32-14.3-32-32l0-160C100.3 320 0 219.7 0 96z\"><\/path><\/svg><\/div><\/div>\n\n\n\n<p>Roof Garden Privato<\/p>\n<\/div>\n\n\n\n<div class=\"wp-block-group is-vertical is-layout-flex wp-container-core-group-is-layout-fe9cc265 wp-block-group-is-layout-flex\">\n<div class=\"wp-block-greenshift-blocks-iconbox gspb_iconBox gspb_iconBox-id-gsbp-be3fa04\" id=\"gspb_iconBox-id-gsbp-be3fa04\"><div class=\"gspb_iconBox__wrapper\" style=\"display:inline-flex\"><svg xmlns=\"http:\/\/www.w3.org\/2000\/svg\" style=\"width:5rem;height:5rem;margin:10px\" viewBox=\"0 0 576 512\">!Font Awesome Free v7.2.0 by @fontawesome &#8211; https:\/\/fontawesome.com License &#8211; https:\/\/fontawesome.com\/license\/free Copyright 2026 Fonticons, Inc.<path d=\"M64 32C28.7 32 0 60.7 0 96L0 416c0 35.3 28.7 64 64 64l448 0c35.3 0 64-28.7 64-64l0-320c0-35.3-28.7-64-64-64L64 32zm80 256l64 0c44.2 0 80 35.8 80 80 0 8.8-7.2 16-16 16L80 384c-8.8 0-16-7.2-16-16 0-44.2 35.8-80 80-80zm-24-96a56 56 0 1 1 112 0 56 56 0 1 1 -112 0zm240-48l112 0c13.3 0 24 10.7 24 24s-10.7 24-24 24l-112 0c-13.3 0-24-10.7-24-24s10.7-24 24-24zm0 96l112 0c13.3 0 24 10.7 24 24s-10.7 24-24 24l-112 0c-13.3 0-24-10.7-24-24s10.7-24 24-24z\"><\/path><\/svg><\/div><\/div>\n\n\n\n<p>Accessi privati con badge<\/p>\n<\/div>\n<\/div>\n\n\n<div class=\"gspb_id-gsbp-ea9b5f9 gspb-dynamic-acf-gallery wp-block-greenshift-blocks-dynamicgallery\"><div class=\"gspb_gallery_grid gspb_gallery_lightbox\"><a href=\"https:\/\/staging.feziaimmobiliare.com\/wp-content\/uploads\/2025\/11\/uffici-medi.jpg\" class=\"imagelink\" title=\"\"><img decoding=\"async\" width=\"989\" height=\"1000\" src=\"https:\/\/staging.feziaimmobiliare.com\/wp-content\/uploads\/2025\/11\/uffici-medi.jpg\" class=\"attachment-full size-full\" alt=\"Uffici Medi | FEZIA IMMOBILIARE\" loading=\"eager\" srcset=\"https:\/\/staging.feziaimmobiliare.com\/wp-content\/uploads\/2025\/11\/uffici-medi.jpg 989w, https:\/\/staging.feziaimmobiliare.com\/wp-content\/uploads\/2025\/11\/uffici-medi-297x300.jpg 297w, https:\/\/staging.feziaimmobiliare.com\/wp-content\/uploads\/2025\/11\/uffici-medi-768x777.jpg 768w\" sizes=\"auto, (max-width: 989px) 100vw, 989px\" fetchpriority=\"high\" \/><\/a><a href=\"https:\/\/staging.feziaimmobiliare.com\/wp-content\/uploads\/2025\/11\/sala-riunioni.jpg\" class=\"imagelink\" title=\"\"><img decoding=\"async\" width=\"1500\" height=\"1000\" src=\"https:\/\/staging.feziaimmobiliare.com\/wp-content\/uploads\/2025\/11\/sala-riunioni.jpg\" class=\"attachment-full size-full\" alt=\"Sala Riunioni | FEZIA IMMOBILIARE\" loading=\"eager\" srcset=\"https:\/\/staging.feziaimmobiliare.com\/wp-content\/uploads\/2025\/11\/sala-riunioni.jpg 1500w, https:\/\/staging.feziaimmobiliare.com\/wp-content\/uploads\/2025\/11\/sala-riunioni-300x200.jpg 300w, https:\/\/staging.feziaimmobiliare.com\/wp-content\/uploads\/2025\/11\/sala-riunioni-1024x683.jpg 1024w, https:\/\/staging.feziaimmobiliare.com\/wp-content\/uploads\/2025\/11\/sala-riunioni-768x512.jpg 768w\" sizes=\"auto, (max-width: 1500px) 100vw, 1500px\" fetchpriority=\"high\" \/><\/a><a href=\"https:\/\/staging.feziaimmobiliare.com\/wp-content\/uploads\/2025\/11\/Uffici-Grandi.jpg\" class=\"imagelink\" title=\"\"><img decoding=\"async\" width=\"1500\" height=\"1000\" src=\"https:\/\/staging.feziaimmobiliare.com\/wp-content\/uploads\/2025\/11\/Uffici-Grandi.jpg\" class=\"attachment-full size-full\" alt=\"Uffici Grandi | FEZIA IMMOBILIARE\" loading=\"eager\" srcset=\"https:\/\/staging.feziaimmobiliare.com\/wp-content\/uploads\/2025\/11\/Uffici-Grandi.jpg 1500w, https:\/\/staging.feziaimmobiliare.com\/wp-content\/uploads\/2025\/11\/Uffici-Grandi-300x200.jpg 300w, https:\/\/staging.feziaimmobiliare.com\/wp-content\/uploads\/2025\/11\/Uffici-Grandi-1024x683.jpg 1024w, https:\/\/staging.feziaimmobiliare.com\/wp-content\/uploads\/2025\/11\/Uffici-Grandi-768x512.jpg 768w\" sizes=\"auto, (max-width: 1500px) 100vw, 1500px\" fetchpriority=\"high\" \/><\/a><a href=\"https:\/\/staging.feziaimmobiliare.com\/wp-content\/uploads\/2025\/11\/Ufficio-Piccolo.jpg\" class=\"imagelink\" title=\"\"><img decoding=\"async\" width=\"1500\" height=\"1000\" src=\"https:\/\/staging.feziaimmobiliare.com\/wp-content\/uploads\/2025\/11\/Ufficio-Piccolo.jpg\" class=\"attachment-full size-full\" alt=\"Ufficio Piccolo | FEZIA IMMOBILIARE\" loading=\"eager\" srcset=\"https:\/\/staging.feziaimmobiliare.com\/wp-content\/uploads\/2025\/11\/Ufficio-Piccolo.jpg 1500w, https:\/\/staging.feziaimmobiliare.com\/wp-content\/uploads\/2025\/11\/Ufficio-Piccolo-300x200.jpg 300w, https:\/\/staging.feziaimmobiliare.com\/wp-content\/uploads\/2025\/11\/Ufficio-Piccolo-1024x683.jpg 1024w, https:\/\/staging.feziaimmobiliare.com\/wp-content\/uploads\/2025\/11\/Ufficio-Piccolo-768x512.jpg 768w\" sizes=\"auto, (max-width: 1500px) 100vw, 1500px\" fetchpriority=\"high\" \/><\/a><\/div><\/div>\n\n\n<div class=\"wp-block-greenshift-blocks-container gspb_container gspb_container-gsbp-cf07fea\" id=\"gspb_container-id-gsbp-cf07fea\">\n<h2 class=\"wp-block-heading\" id=\"perche-scegliere-i-nostri-uffici-arredati-in-zona-aurelia\">Perch\u00e9 scegliere i nostri uffici arredati in zona Aurelia<\/h2>\n\n\n\n<p>Situato in una posizione strategica, a pochi minuti dal G.R.A. (uscita Aurelia) e a soli 15 minuti dall&#8217;aeroporto di Fiumicino, il nostro centro direzionale \u00e8 la risposta per chi cerca&nbsp;<strong>prestigio e logistica facilitata<\/strong>.<\/p>\n\n\n\n<ul class=\"wp-block-list\">\n<li><strong>Soluzioni &#8220;Chiavi in Mano&#8221;:<\/strong>&nbsp;Entra oggi e inizia subito. Ogni ufficio \u00e8 cablato, arredato e pronto all&#8217;uso.<\/li>\n\n\n\n<li><strong>Flessibilit\u00e0 Totale:<\/strong>&nbsp;Dalle suite direzionali con sala riunioni privata alle postazioni di coworking, abbiamo lo spazio che evolve insieme a te.<\/li>\n\n\n\n<li><strong>Comfort per te e i tuoi clienti:<\/strong>&nbsp;Ampio parcheggio interno, portineria h24 e un esclusivo&nbsp;<strong>Roof Garden<\/strong>&nbsp;per i tuoi momenti di networking o di relax.<\/li>\n<\/ul>\n<\/div>\n\n\n\n<div class=\"wp-block-greenshift-blocks-container gspb_container gspb_container-gsbp-f927d2e\" id=\"gspb_container-id-gsbp-f927d2e\">\n<h2 class=\"wp-block-heading\" id=\"tutto-cio-di-cui-hai-bisogno-in-un-unico-canone\">Tutto ci\u00f2 di cui hai bisogno, in un unico canone<\/h2>\n\n\n\n<p>Dimentica le bollette separate e i costi nascosti. La nostra formula&nbsp;<strong>&#8220;Tutto Incluso&#8221;<\/strong>&nbsp;\u00e8 studiata per offrirti la massima trasparenza e serenit\u00e0:<\/p>\n\n\n\n<ol start=\"1\" class=\"wp-block-list\">\n<li><strong>Arredi e Design:<\/strong>&nbsp;Ambienti curati che rispecchiano la vision della tua azienda.<\/li>\n\n\n\n<li><strong>Connettivit\u00e0 High-Speed:<\/strong>&nbsp;Fibra ottica e assistenza IT per non fermarti mai.<\/li>\n\n\n\n<li><strong>Supporto Amministrativo:<\/strong>&nbsp;Uno staff dedicato pronto ad affiancarti nella gestione quotidiana.<\/li>\n\n\n\n<li><strong>Sicurezza Garantita:<\/strong>&nbsp;Accessi privati con badge e sorveglianza costante per proteggere ci\u00f2 che conta.<\/li>\n<\/ol>\n<\/div>\n\n\n\n<div class=\"wp-block-greenshift-blocks-container gspb_container gspb_container-gsbp-345a215\" id=\"gspb_container-id-gsbp-345a215\">\n<h3 class=\"wp-block-heading\" id=\"ascolta-il-ritmo-del-tuo-business-in-una-sede-d-eccellenza\">Ascolta il ritmo del tuo business in una sede d&#8217;eccellenza<\/h3>\n\n\n\n<p>Scegliere Fezia Immobiliare significa affidarsi a&nbsp;<strong>proprietari diretti<\/strong>, non a semplici intermediari. Questo garantisce una risposta immediata a ogni tua esigenza e una manutenzione costante degli stabili.<\/p>\n<\/div>\n\n\n\n<div class=\"wp-block-group has-lightgrey-background-color has-background has-global-padding is-layout-constrained wp-container-core-group-is-layout-f611be13 wp-block-group-is-layout-constrained\" style=\"border-top-left-radius:23px;border-top-right-radius:23px;border-bottom-left-radius:23px;border-bottom-right-radius:23px;padding-top:var(--wp--preset--spacing--50);padding-right:var(--wp--preset--spacing--50);padding-bottom:var(--wp--preset--spacing--50);padding-left:var(--wp--preset--spacing--50)\">\n<p class=\"has-large-font-size\"><strong>Sei pronto a dare alla tua azienda la casa che merita?<\/strong><\/p>\n\n\n\n<div class=\"gspb_button_wrapper gspb_button-id-gsbp-aea5895\" id=\"gspb_button-id-gsbp-aea5895\"><a class=\"wp-block-greenshift-blocks-buttonbox gspb-buttonbox wp-element-button\" href=\"tel:066632103\" rel=\"noopener\"><span class=\"gspb-buttonbox-textwrap\"><span class=\"gspb-buttonbox-icon\"><svg class=\"\" style=\"display:inline-block;vertical-align:middle\" width=\"15\" height=\"15\" viewBox=\"0 0 1024 1024\" xmlns=\"http:\/\/www.w3.org\/2000\/svg\"><path style=\"fill:#565D66\" d=\"M953 45.8l-188.4-43.4c-43.2-10-87.2 12.4-104.6 53.2l-87 203c-16 37.2-5.2 81.2 26.2 106.8l80 65.4c-57.2 104.8-143.6 191.2-248.4 248.2l-65.4-80c-25.6-31.4-69.6-42.2-106.8-26.2l-203.2 87c-40.8 17.4-63 61.4-53.2 104.6l43.4 188.4c9.6 41.8 46.4 71 89.2 71 489.8 0.2 889.2-396.4 889.2-888.8 0-42.8-29.2-79.6-71-89.2zM138.6 928l-41.8-181.4 196.4-84.2 111.4 136.2c197.6-92.8 301.2-196 394-394l-136.2-111.4 84.2-196.4 181.4 41.8c-2 435.2-354.2 787.4-789.4 789.4z\"><\/path><\/svg><\/span><span class=\"gspb-buttonbox-text\"><span class=\"gspb-buttonbox-title\"><strong>Prenota ora la tua visita guidata<\/strong><\/span><\/span><\/span><\/a><\/div>\n\n\n\n<p>&nbsp;<em>Vieni a vedere di persona la qualit\u00e0 dei nostri spazi. <\/em><br><em>Ti aspettiamo in Via Cornelia 498.<\/em><\/p>\n<\/div>\n\n\n\n<h2 class=\"wp-block-heading\" id=\"non-solo-uffici-un-hub-logistico-completo\">Non solo uffici: un HUB Logistico Completo<\/h2>\n\n\n\n<p>Se la tua attivit\u00e0 necessita anche di spazio per le merci, disponiamo di&nbsp;<strong>12.000 mq di magazzini custoditi<\/strong>&nbsp;con altezze fino a 5,70 metri. Una soluzione integrata ufficio-magazzino a Roma \u00e8 il vantaggio competitivo che stavi cercando per ottimizzare i costi e i tempi di carico\/scarico.riamo soluzioni differenti: open\u2011space, palazzi indipendenti con roof garden e ambienti di prestigio. Contatta i nostri consulenti per scegliere l\u2019ufficio perfetto per la tua azienda.<\/p>\n\n\n\n<p class=\"has-text-align-right\"><a href=\"https:\/\/staging.feziaimmobiliare.com\/index.php\/magazzini\/\" data-type=\"page\" data-id=\"26\">Apri la pagina Magazzini per tutti i dettagli<\/a><\/p>\n","protected":false},"excerpt":{"rendered":"<p>Uffici pronti all&#8217;uso, Noleggio uffici Roma Aurelia, Business Center Roma, Coworking Roma. Rivolto a Imprenditori e professionisti che cercano efficienza, prestigio e zero stress gestionale. Trovare la sede ideale per la tua attivit\u00e0 a Roma pu\u00f2 sembrare una sfida complessa. Forse hai gi\u00e0 vissuto lo stress di gestire utenze, manutenzioni e arredamenti, perdendo tempo prezioso [&hellip;]<\/p>\n","protected":false},"author":1,"featured_media":33,"parent":0,"menu_order":4,"comment_status":"closed","ping_status":"closed","template":"","meta":{"_acf_changed":false,"_gspb_post_css":"#gspb_iconBox-id-gsbp-ca1fef1 svg{height:48px!important;width:48px!important;min-width:48px!important}#gspb_iconBox-id-gsbp-380fc2f,#gspb_iconBox-id-gsbp-be3fa04,#gspb_iconBox-id-gsbp-ca1fef1,#gspb_iconBox-id-gsbp-eaa85f3{justify-content:center;display:flex}#gspb_iconBox-id-gsbp-ca1fef1 svg,#gspb_iconBox-id-gsbp-ca1fef1 svg path{fill:var(--wp--preset--color--primary, #173a73)!important}#gspb_iconBox-id-gsbp-ca1fef1 svg{margin:0!important}#gspb_iconBox-id-gsbp-380fc2f svg:hover,#gspb_iconBox-id-gsbp-380fc2f svg:hover path,#gspb_iconBox-id-gsbp-be3fa04 svg:hover,#gspb_iconBox-id-gsbp-be3fa04 svg:hover path,#gspb_iconBox-id-gsbp-ca1fef1 svg:hover,#gspb_iconBox-id-gsbp-ca1fef1 svg:hover path,#gspb_iconBox-id-gsbp-eaa85f3 svg:hover,#gspb_iconBox-id-gsbp-eaa85f3 svg:hover path{fill:currentColor!important}#gspb_iconBox-id-gsbp-eaa85f3 svg{height:48px!important;width:48px!important;min-width:48px!important;fill:#0053da!important;margin:0!important}#gspb_iconBox-id-gsbp-eaa85f3 svg path{fill:#0053da!important}#gspb_iconBox-id-gsbp-380fc2f svg,#gspb_iconBox-id-gsbp-380fc2f svg path{fill:#4ac502!important}#gspb_iconBox-id-gsbp-380fc2f svg,#gspb_iconBox-id-gsbp-be3fa04 svg{height:48px!important;width:48px!important;min-width:48px!important;margin:0!important}#gspb_iconBox-id-gsbp-be3fa04 svg,#gspb_iconBox-id-gsbp-be3fa04 svg path{fill:var(--wp--preset--color--secondary, #f57d00)!important}.gspb_id-gsbp-ea9b5f9 .gspb_gallery_grid{display:grid;grid-template-columns:repeat(4,1fr);column-gap:20px;row-gap:20px}@media (max-width:991.98px){.gspb_id-gsbp-ea9b5f9 .gspb_gallery_grid{grid-template-columns:repeat(3,1fr)}}@media (max-width:767.98px){.gspb_id-gsbp-ea9b5f9 .gspb_gallery_grid{grid-template-columns:repeat(2,1fr)}}@media (max-width:575.98px){.gspb_id-gsbp-ea9b5f9 .gspb_gallery_grid{grid-template-columns:repeat(2,1fr)}}.gspb_id-gsbp-ea9b5f9 .gspb-threesixty-gallery_grid img,.gspb_id-gsbp-ea9b5f9 .wp-block-greenshift-blocks-spline3d spline-viewer,.gspb_id-gsbp-ea9b5f9 img,.gspb_id-gsbp-ea9b5f9 model-viewer,.gspb_id-gsbp-ea9b5f9 video{object-fit:cover;width:100%;max-width:100%;height:172px}#gspb_container-id-gsbp-cf07fea.gspb_container,.gspb_id-gsbp-ea9b5f9 .gspb-gallery-video{position:relative}.slide-variation-images:not([style]){display:none}.gspb_container-id-gsbp-345a215,.gspb_container-id-gsbp-cf07fea,.gspb_container-id-gsbp-f927d2e{flex-direction:column;box-sizing:border-box}#gspb_container-id-gsbp-345a215.gspb_container>p:last-of-type,#gspb_container-id-gsbp-cf07fea.gspb_container>p:last-of-type,#gspb_container-id-gsbp-f927d2e.gspb_container>p:last-of-type{margin-bottom:0}#gspb_container-id-gsbp-cf07fea.gspb_container{padding:23px;border-style:solid;border-width:1px;border-color:var(--wp--preset--color--basecolor, #000001);box-sizing:border-box}#gspb_container-id-gsbp-345a215.gspb_container,#gspb_container-id-gsbp-345a215.gspb_container>.gspb_backgroundOverlay,#gspb_container-id-gsbp-cf07fea.gspb_container,#gspb_container-id-gsbp-cf07fea.gspb_container>.gspb_backgroundOverlay,#gspb_container-id-gsbp-f927d2e.gspb_container,#gspb_container-id-gsbp-f927d2e.gspb_container>.gspb_backgroundOverlay{border-top-left-radius:23px;border-top-right-radius:23px;border-bottom-right-radius:23px;border-bottom-left-radius:23px}#gspb_container-id-gsbp-345a215.gspb_container,#gspb_container-id-gsbp-f927d2e.gspb_container{position:relative;padding:23px;border-style:solid;border-width:1px;border-color:var(--wp--preset--color--basecolor, #000001);box-sizing:border-box}#gspb_button-id-gsbp-aea5895{display:flex;justify-content:flex-start}#gspb_button-id-gsbp-aea5895 .gspb-buttonbox-text{display:flex;flex-direction:column}#gspb_button-id-gsbp-aea5895>.gspb-buttonbox{box-sizing:border-box}#gspb_button-id-gsbp-aea5895>.gspb-buttonbox>.gspb-buttonbox-textwrap>.gspb-buttonbox-icon{display:flex}#gspb_button-id-gsbp-aea5895>.gspb-buttonbox .gspb-buttonbox-icon svg{height:23px!important;width:23px!important;min-width:23px!important;fill:currentColor!important;margin:0!important}#gspb_button-id-gsbp-aea5895>.gspb-buttonbox .gspb-buttonbox-icon svg path,#gspb_button-id-gsbp-aea5895>.gspb-buttonbox:hover .gspb-buttonbox-icon svg,#gspb_button-id-gsbp-aea5895>.gspb-buttonbox:hover .gspb-buttonbox-icon svg path{fill:currentColor!important}#gspb_button-id-gsbp-aea5895>.gspb-buttonbox>.gspb-buttonbox-textwrap{display:flex;flex-direction:row;align-items:center}#gspb_button-id-gsbp-aea5895 .gspb-buttonbox-icon{margin-right:13px}","footnotes":""},"class_list":["post-25","page","type-page","status-publish","has-post-thumbnail","hentry"],"acf":[],"_links":{"self":[{"href":"https:\/\/staging.feziaimmobiliare.com\/index.php\/wp-json\/wp\/v2\/pages\/25","targetHints":{"allow":["GET"]}}],"collection":[{"href":"https:\/\/staging.feziaimmobiliare.com\/index.php\/wp-json\/wp\/v2\/pages"}],"about":[{"href":"https:\/\/staging.feziaimmobiliare.com\/index.php\/wp-json\/wp\/v2\/types\/page"}],"author":[{"embeddable":true,"href":"https:\/\/staging.feziaimmobiliare.com\/index.php\/wp-json\/wp\/v2\/users\/1"}],"replies":[{"embeddable":true,"href":"https:\/\/staging.feziaimmobiliare.com\/index.php\/wp-json\/wp\/v2\/comments?post=25"}],"version-history":[{"count":6,"href":"https:\/\/staging.feziaimmobiliare.com\/index.php\/wp-json\/wp\/v2\/pages\/25\/revisions"}],"predecessor-version":[{"id":224,"href":"https:\/\/staging.feziaimmobiliare.com\/index.php\/wp-json\/wp\/v2\/pages\/25\/revisions\/224"}],"wp:featuredmedia":[{"embeddable":true,"href":"https:\/\/staging.feziaimmobiliare.com\/index.php\/wp-json\/wp\/v2\/media\/33"}],"wp:attachment":[{"href":"https:\/\/staging.feziaimmobiliare.com\/index.php\/wp-json\/wp\/v2\/media?parent=25"}],"curies":[{"name":"wp","href":"https:\/\/api.w.org\/{rel}","templated":true}]}}